{"id":1632,"date":"2022-02-15T10:25:04","date_gmt":"2022-02-15T10:25:04","guid":{"rendered":"https:\/\/www.cargopoint.com\/?page_id=1632"},"modified":"2022-02-15T10:27:34","modified_gmt":"2022-02-15T10:27:34","slug":"cookie-policy","status":"publish","type":"page","link":"https:\/\/cargopoint.com\/ee\/cookie-policy\/","title":{"rendered":"K\u00dcPSISTE KASUTAMISE EESKIRI"},"content":{"rendered":"<h2><strong>K\u00dcPSISTE KASUTAMISE EESKIRI<\/strong><\/h2>\n<p>K\u00e4esolev k\u00fcpsiste kasutamise eeskiri kehtib lisaks meie privaatsusp\u00f5him\u00f5tetele. Meie privaatsusp\u00f5him\u00f5tetes antakse teavet selle kohta, kuidas CargoPoint (sh \u201emeie\u201c, \u201eme\u201c, \u201emeid\u201c) kogub, jagab ja t\u00f6\u00f6tleb teie isikuandmeid. K\u00fcpsiste kasutamise eeskiri kohaldub k\u00fcpsiste kasutamisele, kui kasutate meie veebilehte. Meie k\u00fcpsiste kasutamise eeskiri on lahutamatu osa meie privaatsusp\u00f5him\u00f5tetest (k\u00e4ttesaadav <a href=\"https:\/\/www.cargopoint.com\/privacy-policy\/\">https:\/\/www.cargopoint.com\/privacy-policy\/<\/a>).<\/p>\n<p>K\u00fcpsiste kasutamise eeskirjas t\u00e4histab termin \u201ek\u00fcpsised\u201c nii k\u00fcpsiseid kui ka brauseri k\u00fcpsistele sarnaseid meetodeid (n\u00e4iteks pikslid, veebilutikad, sildid jms).<\/p>\n<h3><strong>1\u00a0\u00a0\u00a0\u00a0\u00a0\u00a0 Mis on k\u00fcpsised?<\/strong><\/h3>\n<p>K\u00fcpsised on v\u00e4ikesed tekstifailid, mis paigutatakse teie arvutisse teie k\u00fclastatavate veebilehtede poolt. Neid kasutatakse laialdaselt selleks, et pakkuda veebilehe funktsioone, muuta leht t\u00f5husamaks ning anda lehe omanikele kasulikku informatsiooni, n\u00e4iteks lehe k\u00fclastuste arv. K\u00fcpsiste kasutamine on muutunud standardiks enamikul veebilehtedel ja rakendustes. Kui te aga ei soovi kasutada k\u00fcpsiste pakutavaid omadusi, saate neid hallata ja kontrollida, kasutades oma brauserit, et k\u00fcpsiseid mitte lubada v\u00f5i need oma brauseri ajaloost kustutada.<\/p>\n<h3>2\u00a0\u00a0\u00a0\u00a0\u00a0\u00a0 <strong>Mis liiki k\u00fcpsiseid me kasutame<\/strong><\/h3>\n<p>Meie veebileht kasutab kolmandate isikute k\u00fcpsiseid, mis talletatakse teie seadmesse, kui k\u00fclastate meie veebilehte. K\u00fcpsiseid kasutatakse veebilehe pakkumiseks, et anal\u00fc\u00fcsida veebilehe kasutamist k\u00fclastajate poolt ning t\u00e4iustada ja tagada veebilehe \u00fcldist toimimist. K\u00fcpsistelt saadud informatsiooni ei kasutata meie veebilehe k\u00fclastajate tuvastamiseks.<\/p>\n<p><strong>Vajalikud k\u00fcpsised<\/strong> &#8211; vajalikke k\u00fcpsiseid kasutatakse veebilehe toimimise tagamiseks, n\u00e4iteks turvalisuse tagamiseks jms. Ilma vastavate k\u00fcpsisteta ei saa veebileht n\u00f5uetekohaselt toimida. Seet\u00f5ttu on nende k\u00fcpsiste kasutamine vajalik ja ei s\u00f5ltu teie n\u00f5usolekust.<\/p>\n<p>&nbsp;<\/p>\n<table width=\"623\">\n<tbody>\n<tr>\n<td width=\"156\"><strong>K\u00fcpsis<\/strong><\/td>\n<td width=\"156\"><strong>Pakkuja<\/strong><\/td>\n<td width=\"156\"><strong>Eesm\u00e4rk<\/strong><\/td>\n<td width=\"156\"><strong>S\u00e4ilitamist\u00e4htaeg<\/strong><\/td>\n<\/tr>\n<tr>\n<td width=\"156\">ARRAffinity<\/td>\n<td width=\"156\">Microsoft Azure<\/td>\n<td rowspan=\"2\" width=\"156\">Kasutatakse koormuse tasakaalustamiseks, et tagada k\u00fclastajate lehek\u00fclgede taotluste suunamine samasse serverisse iga veebilehitsemise sessiooni ajal<\/td>\n<td width=\"156\">Sessiooni l\u00f5puni<\/td>\n<\/tr>\n<tr>\n<td width=\"156\">ARRAffinitySameSite<\/td>\n<td width=\"156\">Microsoft Azure<\/td>\n<td width=\"156\">Sessiooni l\u00f5puni<\/td>\n<\/tr>\n<\/tbody>\n<\/table>\n<p>&nbsp;<\/p>\n<p><strong>Anal\u00fc\u00fctilised k\u00fcpsised<\/strong> &#8211; anal\u00fc\u00fctilised k\u00fcpsised v\u00f5imaldavad j\u00e4lgida meie k\u00fclastajate k\u00e4itumist veebilehel ning m\u00f5ista, kuidas nad veebilehte kasutavad. Neid k\u00fcpsiseid kasutatakse teie n\u00f5usoleku alusel.<\/p>\n<p>&nbsp;<\/p>\n<table width=\"623\">\n<tbody>\n<tr>\n<td width=\"156\"><strong>K\u00fcpsis<\/strong><\/td>\n<td width=\"156\"><strong>Pakkuja<\/strong><\/td>\n<td width=\"156\"><strong>Eesm\u00e4rk<\/strong><\/td>\n<td width=\"156\"><strong>S\u00e4ilitamist\u00e4htaeg<\/strong><\/td>\n<\/tr>\n<tr>\n<td width=\"156\">_ga<\/td>\n<td width=\"156\">Google Analytics<\/td>\n<td width=\"156\">Registreerib unikaalse ID, mida kasutatakse statistika genereerimiseks selle kohta, kuidas k\u00fclastaja meie veebilehte kasutab.<\/td>\n<td width=\"156\">2\u00a0\u00a0\u00a0\u00a0\u00a0 aastat<\/td>\n<\/tr>\n<\/tbody>\n<\/table>\n<p>&nbsp;<\/p>\n<h3><strong>3\u00a0\u00a0\u00a0\u00a0\u00a0\u00a0 Kolmandate isikute k\u00fcpsised<\/strong><\/h3>\n<p>M\u00f5ned k\u00fcpsised, mis aktiveeritakse teie seadmes siis, kui k\u00fclastate meie veebilehte, kuuluvad kolmandatest isikutest teenuseosutajatele. Kolmandate isikute teenuse k\u00fcpsised aitavad meil pakkuda teile oma teenuseid ning m\u00f5ista, kuidas te veebilehte kasutate ja sellel tegutsete. Kasutame neid k\u00fcpsiseid k\u00e4esolevas k\u00fcpsiste kasutamise eeskirjas v\u00f5i meie privaatsusp\u00f5him\u00f5tetes s\u00e4testatud eesm\u00e4rkidel. Need kolmandad isikud v\u00f5ivad aga kasutada teie andmeid, mida k\u00fcpsised on kogunud, oma eesm\u00e4rkidel, mida meie ei saa kontrollida. Kolmandate isikute k\u00fcpsistega n\u00f5ustumisel n\u00f5ustute ka vastavate kolmandast isikust teenuseosutajate privaatsusp\u00f5him\u00f5tetega seoses oma isikuandmete t\u00f6\u00f6tlemisega.<\/p>\n<p>Allpool on toodud kolmandatest isikutest teenuseosutajad, kellel v\u00f5ib olla juurdep\u00e4\u00e4s informatsioonile, mis on saadud teie seadmesse paigutatud k\u00fcpsistest. Palun v\u00f5tke teatavaks, et link viib kolmanda isiku veebilehele, mis ei ole meie kontrolli all ning me ei vastuta selle sisu eest.<\/p>\n<p><strong>Google<\/strong> &#8211; Google Analytics on Google&#8217;i pakutav veebianal\u00fc\u00fctika teenus, mis j\u00e4lgib ja raporteerib veebilehe liiklust. Google kasutab meie kogutud informatsiooni meie veebilehe kasutamise j\u00e4lgimiseks. Rohkem informatsiooni Google&#8217;i privaatsustavade kohta leiate Google&#8217;i privaatsuse ja tingimuste lehelt: <a href=\"https:\/\/policies.google.com\/privacy?hl=lv\">https:\/\/policies.google.com\/privacy?hl=lv<\/a>.<\/p>\n<p><strong>Microsoft<\/strong> &#8211; Microsoft Azure on pilveteenus ning selle k\u00fcpsiseid kasutatakse veebilehe haldamiseks. Rohkem informatsiooni Microsofti privaatsustavade kohta leiate Microsofti veebilehelt: <a href=\"https:\/\/privacy.microsoft.com\/en-us\/privacystatement\">https:\/\/privacy.microsoft.com\/en-us\/privacystatement<\/a>.<\/p>\n<p>&nbsp;<\/p>\n<h3><strong>4\u00a0\u00a0\u00a0\u00a0\u00a0\u00a0 Kuidas k\u00fcpsiseid hallata<\/strong><\/h3>\n<p>Kui k\u00fclastate meie veebilehte, paigaldame k\u00fcpsised, mida vajame, et saaksite kasutada veebilehe funktsioone.<\/p>\n<p>Enamik brausereid (Firefox, Google Chrome, Internet Explorer jms) v\u00f5imaldavad teil k\u00fcpsiseid kontrollida oma brauseri seadistuse kaudu. N\u00e4iteks saab seadistada brauseri blokeerima mis tahes v\u00f5i k\u00f5ikide k\u00fcpsiste salvestamise, kustutama k\u00fcpsiseid v\u00f5i teavitama teid, kui teie brauseris salvestatakse uued k\u00fcpsised.<\/p>\n<p>Klikkides oma brauseri \u201eabi\u201c (\u201ehelp\u201c) nuppu, leiate informatsiooni selle kohta, kuidas takistada k\u00fcpsiste salvestamist oma brauseris ning milliseid k\u00fcpsiseid on juba salvestatud, ja soovi korral saate neid kustutada. Seadistusi tuleb muuta igas brauseris, mida kasutate.<\/p>\n<p>Palun v\u00f5tke teatavaks, et ilma teatud k\u00fcpsiste talletamiseta ei pruugi olla v\u00f5imalik kasutada k\u00f5iki meie veebilehe funktsioone ja teenuseid v\u00f5i kasutada veebilehte tervikuna, sest teatud veebilehe osad s\u00f5ltuvad k\u00fcpsiste kasutamisest.<\/p>\n<p>Saate lugeda k\u00fcpsiste kohta, kuidas neid hallata ja kustutada, kui k\u00fclastate <a href=\"http:\/\/www.aboutcookies.org\">www.aboutcookies.org<\/a>, <a href=\"http:\/\/www.allaboutcookies.org\">www.allaboutcookies.org<\/a> v\u00f5i muid vastavaid internetis k\u00e4ttesaadavaid veebilehti. Palun v\u00f5tke teatavaks, et need on lingid kolmandate isikute lehtedele, mida me ei kontrolli.<\/p>\n<p>&nbsp;<\/p>\n<h3><strong>5\u00a0\u00a0\u00a0\u00a0\u00a0\u00a0 K\u00fcpsiste kasutamise eeskirja muudatused<\/strong><\/h3>\n<p>J\u00e4tame endale \u00f5iguse k\u00fcpsiste kasutamise eeskirja igal ajal \u00fchepoolselt muuta. K\u00fcpsiste kasutamise eeskirja ajakohastatud versioon tehakse k\u00e4ttesaadavaks meie veebilehel v\u00f5i rakendustes. Soovitame teil regulaarselt tutvuda k\u00fcpsiste kasutamise eeskirjaga, et olla teadlik k\u00f5igist muudatustest.<\/p>\n<p>&nbsp;<\/p>\n<h3><strong>6\u00a0\u00a0\u00a0\u00a0\u00a0\u00a0 Kontaktandmed<\/strong><\/h3>\n<p>Kui teil on k\u00fcsimusi isikuandmete t\u00f6\u00f6tlemise v\u00f5i k\u00fcpsiste kasutamise eeskirja kohta, v\u00f5tke palun meiega \u00fchendust, kirjutades meie e-postiaadressile: info@cargopoint.com v\u00f5i kasutades alltoodud kontaktandmeid:<\/p>\n<p><strong>O\u00dc \u201cCargopoint\u201d<\/strong><br \/>\nRegistreerimisnumber: 16201321<br \/>\nJuriidiline aadress: Narva mnt 5-, 10117, Tallinn<\/p>\n<p>&nbsp;<\/p>\n<p>K\u00e4esolev k\u00fcpsiste kasutamise eeskiri kehtib alates 1. detsembrist 2021.<\/p>\n","protected":false},"excerpt":{"rendered":"<p>K\u00dcPSISTE KASUTAMISE EESKIRI K\u00e4esolev k\u00fcpsiste kasutamise eeskiri kehtib lisaks meie privaatsusp\u00f5him\u00f5tetele. Meie privaatsusp\u00f5him\u00f5tetes antakse teavet selle kohta, kuidas CargoPoint (sh \u201emeie\u201c, \u201eme\u201c, \u201emeid\u201c) kogub, jagab ja t\u00f6\u00f6tleb teie isikuandmeid. K\u00fcpsiste kasutamise eeskiri kohaldub k\u00fcpsiste kasutamisele, kui kasutate meie veebilehte. Meie k\u00fcpsiste kasutamise eeskiri on lahutamatu osa meie privaatsusp\u00f5him\u00f5tetest (k\u00e4ttesaadav https:\/\/www.cargopoint.com\/privacy-policy\/). K\u00fcpsiste kasutamise eeskirjas t\u00e4histab termin [&hellip;]<\/p>\n","protected":false},"author":5,"featured_media":0,"parent":0,"menu_order":0,"comment_status":"closed","ping_status":"closed","template":"","meta":{"footnotes":""},"class_list":["post-1632","page","type-page","status-publish","hentry"],"_links":{"self":[{"href":"https:\/\/cargopoint.com\/ee\/wp-json\/wp\/v2\/pages\/1632","targetHints":{"allow":["GET"]}}],"collection":[{"href":"https:\/\/cargopoint.com\/ee\/wp-json\/wp\/v2\/pages"}],"about":[{"href":"https:\/\/cargopoint.com\/ee\/wp-json\/wp\/v2\/types\/page"}],"author":[{"embeddable":true,"href":"https:\/\/cargopoint.com\/ee\/wp-json\/wp\/v2\/users\/5"}],"replies":[{"embeddable":true,"href":"https:\/\/cargopoint.com\/ee\/wp-json\/wp\/v2\/comments?post=1632"}],"version-history":[{"count":6,"href":"https:\/\/cargopoint.com\/ee\/wp-json\/wp\/v2\/pages\/1632\/revisions"}],"predecessor-version":[{"id":1636,"href":"https:\/\/cargopoint.com\/ee\/wp-json\/wp\/v2\/pages\/1632\/revisions\/1636"}],"wp:attachment":[{"href":"https:\/\/cargopoint.com\/ee\/wp-json\/wp\/v2\/media?parent=1632"}],"curies":[{"name":"wp","href":"https:\/\/api.w.org\/{rel}","templated":true}]}}