{"id":1503,"date":"2022-01-10T12:14:29","date_gmt":"2022-01-10T12:14:29","guid":{"rendered":"https:\/\/www.cargopoint.com\/?page_id=1503"},"modified":"2023-04-14T14:01:12","modified_gmt":"2023-04-14T14:01:12","slug":"cookie-policy","status":"publish","type":"page","link":"https:\/\/cargopoint.com\/lv\/cookie-policy\/","title":{"rendered":"S\u012aKDAT\u0145U POLITIKA"},"content":{"rendered":"<h2><strong>S\u012aKDAT\u0145U POLITIKA<\/strong><\/h2>\n<p>\u0160\u012b s\u012bkdat\u0146u politika tiek piem\u0113rota papildus m\u016bsu <a href=\"https:\/\/www.cargopoint.com\/lv\/privacy-policy\/\">Priv\u0101tuma politikai<\/a>. M\u016bsu Priv\u0101tuma politika inform\u0113 J\u016bs par to, k\u0101 CargoPoint (ar\u012b \u201cm\u0113s\u201d, \u201cm\u0113s\u201d, \u201cm\u016bsu\u201d) v\u0101c, kop\u012bgo un apstr\u0101d\u0101 J\u016bsu personas datus. \u0160\u012b S\u012bkdat\u0146u politika attiecas uz s\u012bkdat\u0146u lieto\u0161anu, kad izmantojat m\u016bsu t\u012bmek\u013cvietni. M\u016bsu S\u012bkdat\u0146u politika ir m\u016bsu Priv\u0101tuma politikas neat\u0146emama sast\u0101vda\u013ca (pieejama https:\/\/www.cargopoint.com\/privacy-policy\/).<\/p>\n<p>\u0160aj\u0101 S\u012bkdat\u0146u politik\u0101 termins \u201cs\u012bkdatnes\u201d aptvers gan s\u012bkdatnes, gan ar\u012b p\u0101rl\u016bkprogrammu s\u012bkdatn\u0113m l\u012bdz\u012bgas metodes (piem\u0113ram, pikse\u013cus (<em>pixels<\/em>), b\u0101kas (<em>beacons<\/em>), mar\u0137ierus (<em>tags<\/em>) un citas).<\/p>\n<h3><strong>1. Kas ir s\u012bkdatnes<\/strong><\/h3>\n<p>S\u012bkdatnes ir mazi teksta faili, kurus J\u016bsu dator\u0101 ievieto J\u016bsu apmekl\u0113t\u0101s vietnes. Tos pla\u0161i izmanto, lai nodro\u0161in\u0101tu viet\u0146u funkcionalit\u0101ti, lai padar\u012btu vietnes efekt\u012bv\u0101kas, k\u0101 ar\u012b, lai viet\u0146u \u012bpa\u0161niekiem sniegtu noder\u012bgu inform\u0101ciju, piem\u0113ram, viet\u0146u apmekl\u0113jumu skaitu. S\u012bkdat\u0146u izmanto\u0161ana ir k\u013cuvusi par standarta praksi liel\u0101kaj\u0101 da\u013c\u0101 viet\u0146u un lietot\u0146u. Tom\u0113r, ja nev\u0113laties izmantot s\u012bkdat\u0146u sniegt\u0101s funkcijas, varat tos p\u0101rvald\u012bt un kontrol\u0113t, izmantojot savu p\u0101rl\u016bkprogrammu, lai tos nepie\u0146emtu vai izdz\u0113stu no p\u0101rl\u016bkprogrammas v\u0113stures.<\/p>\n<h3><strong>2. K\u0101da veida s\u012bkdatnes m\u0113s izmantojam<\/strong><\/h3>\n<p>M\u016bsu t\u012bmek\u013cvietne izmanto tre\u0161o personu s\u012bkdatnes, kas tiek saglab\u0101tas J\u016bsu ier\u012bc\u0113, kad apmekl\u0113jat m\u016bsu t\u012bmek\u013cvietni. S\u012bkdatnes tiek izmantotas, lai nodro\u0161in\u0101tu t\u012bmek\u013cvietnes darb\u012bbu, k\u0101 ar\u012b, lai analiz\u0113tu t\u012bmek\u013cvietnes lieto\u0161anu, ko veic apmekl\u0113t\u0101ji, un uzlabotu, k\u0101 ar\u012b nodro\u0161in\u0101tu visp\u0101r\u0113ju t\u012bmek\u013cvietnes funkcionalit\u0101ti. Inform\u0101cija, kas ieg\u016bta no s\u012bkdatn\u0113m, netiek izmantota, lai identific\u0113tu m\u016bsu t\u012bmek\u013cvietnes apmekl\u0113t\u0101jus.<\/p>\n<p><strong>Nepiecie\u0161am\u0101s s\u012bkdatnes<\/strong> &#8211; nepiecie\u0161am\u0101s s\u012bkdatnes tiek izmantotas, lai nodro\u0161in\u0101tu t\u012bmek\u013cvietnes funkcionalit\u0101ti, piem\u0113ram, lai nodro\u0161in\u0101tu dro\u0161\u012bbu, utt. Bez attiec\u012bgaj\u0101m s\u012bkdatn\u0113m t\u012bmek\u013cvietne nevar pareizi darboties. T\u0101d\u0113\u013c to lieto\u0161ana ir nepiecie\u0161ama un nav atkar\u012bga no J\u016bsu piekri\u0161anas.<\/p>\n<p>&nbsp;<\/p>\n<table width=\"623\">\n<tbody>\n<tr>\n<td width=\"156\"><strong>S\u012bkdatne<\/strong><\/td>\n<td width=\"156\"><strong>Nodro\u0161in\u0101t\u0101js<\/strong><\/td>\n<td width=\"198\"><strong>M\u0113r\u0137is<\/strong><\/td>\n<td width=\"113\"><strong>Glab\u0101\u0161anas periods<\/strong><\/td>\n<\/tr>\n<tr>\n<td width=\"156\">ARRAffinity<\/td>\n<td width=\"156\">Microsoft Azure<\/td>\n<td rowspan=\"2\" width=\"198\">Izmanto slodzes l\u012bdzsvaro\u0161anai (load balancing), lai nodro\u0161in\u0101tu, ka apmekl\u0113t\u0101ju lapu piepras\u012bjumi tiek novirz\u012bti uz to pa\u0161u serveri jebkur\u0101 p\u0101rl\u016bko\u0161anas sesij\u0101<\/td>\n<td width=\"113\">L\u012bdz sesijas beig\u0101m<\/td>\n<\/tr>\n<tr>\n<td width=\"156\">ARRAffinitySameSite<\/td>\n<td width=\"156\">Microsoft Azure<\/td>\n<td width=\"113\">L\u012bdz sesijas beig\u0101m<\/td>\n<\/tr>\n<\/tbody>\n<\/table>\n<p>&nbsp;<\/p>\n<p><strong>Anal\u012btisk\u0101s s\u012bkdatnes<\/strong> &#8211; anal\u012btisk\u0101s s\u012bkdatnes \u013cauj mums izsekot m\u016bsu apmekl\u0113t\u0101ju r\u012bc\u012bbai t\u012bmek\u013cvietn\u0113 un saprast, k\u0101 vi\u0146i mijiedarbojas ar t\u012bmek\u013cvietni. \u0160o s\u012bkfailu izmanto\u0161ana ir balst\u012bta uz J\u016bsu piekri\u0161anu.<\/p>\n<table width=\"623\">\n<tbody>\n<tr>\n<td width=\"75\"><strong>S\u012bkdatne<\/strong><\/td>\n<td width=\"120\"><strong>Nodro\u0161in\u0101t\u0101js<\/strong><\/td>\n<td width=\"324\"><strong>M\u0113r\u0137is<\/strong><\/td>\n<td width=\"104\"><strong>Glab\u0101\u0161anas periods<\/strong><\/td>\n<\/tr>\n<tr>\n<td width=\"75\">_ga<\/td>\n<td width=\"120\">Google Analytics<\/td>\n<td width=\"324\">Re\u0123istr\u0113 unik\u0101lu ID, kas tiek izmantots statistikas datu \u0123ener\u0113\u0161anai par to, k\u0101 apmekl\u0113t\u0101js izmanto m\u016bsu t\u012bmek\u013cvietni.<\/td>\n<td width=\"104\">2 gadi<\/td>\n<\/tr>\n<\/tbody>\n<\/table>\n<h3><strong>3. Tre\u0161o personu s\u012bkdatnes<\/strong><\/h3>\n<p>Da\u017ei no J\u016bsu ier\u012bc\u0113 iesp\u0113jotajiem s\u012bkfailiem, kad apmekl\u0113jat m\u016bsu t\u012bmek\u013cvietni, pieder tre\u0161o personu pakalpojumu sniedz\u0113jiem. Tre\u0161o personu pakalpojumu sniedz\u0113ju s\u012bkdatnes pal\u012bdz mums sniegt Jums m\u016bsu pakalpojumus, pal\u012bdz mums izprast t\u012bmek\u013cvietnes lieto\u0161anu un J\u016bsu mijiedarb\u012bbu ar to. M\u0113s izmantosim \u0161\u012bs s\u012bkdatnes m\u0113r\u0137iem, kas paredz\u0113ti \u0161aj\u0101 S\u012bkdat\u0146u politik\u0101 vai m\u016bsu Priv\u0101tuma politik\u0101. Tom\u0113r \u0161\u012bs tre\u0161\u0101s personas var izmantot s\u012bkdat\u0146u apkopotos J\u016bsu datus saviem noteiktajiem m\u0113r\u0137iem, kurus m\u0113s nevaram kontrol\u0113t. Pie\u0146emot tre\u0161o personu s\u012bkdatnes, J\u016bs piekr\u012btat ar\u012b attiec\u012bgo tre\u0161o personu pakalpojumu sniedz\u0113ju priv\u0101tuma politik\u0101m par J\u016bsu personas datu apstr\u0101di.<\/p>\n<p>Zem\u0101k J\u016bs varat redz\u0113t, kuriem tre\u0161o personu pakalpojumu sniedz\u0113jiem var b\u016bt piek\u013cuve inform\u0101cijai no vi\u0146u s\u012bkdatn\u0113m, kas ir iestat\u012btas J\u016bsu pa\u0161u ier\u012bc\u0113. L\u016bdzu, \u0146emiet v\u0113r\u0101, ka t\u0101l\u0101k nor\u0101d\u012bt\u0101s saites attiecas uz tre\u0161o personu vietn\u0113m, kuras m\u0113s nekontrol\u0113jam, un m\u0113s neesam atbild\u012bgi par to saturu.<\/p>\n<p><strong>Google <\/strong>&#8211; Google Analytics ir Google nodro\u0161in\u0101ts t\u012bmek\u013ca anal\u012bzes pakalpojums, kas seko l\u012bdzi un zi\u0146o par vietnes trafiku. Google izmanto apkopotos datus, lai sekotu l\u012bdzi un uzraudz\u012btu m\u016bsu t\u012bmek\u013cvietnes izmanto\u0161anu. Lai ieg\u016btu papildinform\u0101ciju par Google priv\u0101tuma praksi, l\u016bdzu, apmekl\u0113jiet Google vietni Konfidencialit\u0101te un noteikumi: <a href=\"https:\/\/policies.google.com\/privacy?hl=lv\">https:\/\/policies.google.com\/privacy?hl=lv<\/a>.<\/p>\n<p><strong>Microsoft<\/strong> \u2013 Microsoft Azure ir m\u0101ko\u0146pakalpojums, un t\u0101 s\u012bkdatnes tiek izmantotas t\u012bmek\u013cvietnes darb\u012bbas nodro\u0161in\u0101\u0161anai. Lai ieg\u016btu papildinform\u0101ciju par Microsoft priv\u0101tuma praksi, l\u016bdzu, apmekl\u0113jiet Microsoft vietni: <a href=\"https:\/\/privacy.microsoft.com\/en-us\/privacystatement\">https:\/\/privacy.microsoft.com\/en-us\/privacystatement<\/a><\/p>\n<h3><strong>4. K\u0101 kontrol\u0113t s\u012bkdatnes<\/strong><\/h3>\n<p>Kad J\u016bs apmekl\u0113jat m\u016bsu t\u012bmek\u013cvietni, m\u0113s iestat\u0101m s\u012bkdatnes, kas mums nepiecie\u0161amas, lai J\u016bs var\u0113tu izmantot m\u016bsu t\u012bmek\u013cvietnes funkcijas.<\/p>\n<p>Liel\u0101k\u0101 da\u013ca p\u0101rl\u016bkprogrammu (Firefox, Google Chrome, Internet Explorer utt.) \u013cauj Jums kontrol\u0113t s\u012bkdatnes, izmantojot p\u0101rl\u016bka iestat\u012bjumus. Piem\u0113ram, J\u016bs varat iestat\u012bt, lai p\u0101rl\u016bkprogramma blo\u0137\u0113tu iesp\u0113ju taj\u0101 saglab\u0101t jebk\u0101das vai konkr\u0113tas s\u012bkdatnes, dz\u0113stu s\u012bkdatnes vai inform\u0113tu J\u016bs par situ\u0101cij\u0101m, kad p\u0101rl\u016bkprogramm\u0101 tiek saglab\u0101ti jauni s\u012bkfaili.<\/p>\n<p>Noklik\u0161\u0137inot uz pogas \u201cpal\u012bdz\u012bba\u201d sav\u0101 p\u0101rl\u016bkprogramm\u0101, J\u016bs varat atrast instrukcijas, k\u0101 nov\u0113rst p\u0101rl\u016bka s\u012bkdat\u0146u saglab\u0101\u0161anu, k\u0101 ar\u012b to, k\u0101das s\u012bkdatnes jau ir saglab\u0101tas, un, ja v\u0113laties, t\u0101s izdz\u0113st. Izmai\u0146as iestat\u012bjumos ir j\u0101veic katram J\u016bsu izmantotajam p\u0101rl\u016bkam.<\/p>\n<p>Tom\u0113r, l\u016bdzu, \u0146emiet v\u0113r\u0101, ka, nesaglab\u0101jot noteiktas s\u012bkdatnes, iesp\u0113jams, ka J\u016bs nevar\u0113siet piek\u013c\u016bt vis\u0101m m\u016bsu t\u012bmek\u013cvietnes funkcij\u0101m un pakalpojumiem vai t\u012bmek\u013cvietni piln\u012bb\u0101 izmantot, jo atsevi\u0161\u0137as t\u012bmek\u013cvietnes funkcijas ir atkar\u012bgas no s\u012bkdat\u0146u izmanto\u0161anas.<\/p>\n<p>J\u016bs varat uzzin\u0101t par s\u012bkdatn\u0113m, tostarp par to, k\u0101 apskat\u012bt iestat\u012bt\u0101s s\u012bkdatnes un k\u0101 t\u0101s p\u0101rvald\u012bt, un izdz\u0113st, apmekl\u0113jot <a href=\"http:\/\/www.aboutcookies.org\">www.aboutcookies.org<\/a>, <a href=\"http:\/\/www.allaboutcookies.org\">www.allaboutcookies.org<\/a> vai citas atbilsto\u0161as t\u012bmek\u013ca vietnes, kas pieejamas internet\u0101. L\u016bdzu, \u0146emiet v\u0113r\u0101, ka \u0161\u012bs ir saites uz tre\u0161o personu vietn\u0113m, kuras m\u0113s nekontrol\u0113jam.<\/p>\n<h3><strong>5. \u0160\u012bs S\u012bkdat\u0146u politikas groz\u012bjumi<\/strong><\/h3>\n<p>M\u0113s paturam ties\u012bbas jebkur\u0101 laik\u0101 vienpus\u0113ji atjaunin\u0101t \u0161o S\u012bkdat\u0146u politiku. \u0160\u012bs S\u012bkdat\u0146u politikas atjaunin\u0101t\u0101 versija b\u016bs pieejama m\u016bsu t\u012bmek\u013cvietn\u0113 vai lietotn\u0113s. M\u0113s iesak\u0101m regul\u0101ri p\u0101rskat\u012bt \u0161o S\u012bkdat\u0146u politiku, lai J\u016bs b\u016btu inform\u0113ts par vis\u0101m izmai\u0146\u0101m.<\/p>\n<h3><strong>6. Kontaktinform\u0101cija<\/strong><\/h3>\n<p>Ja Jums ir k\u0101di jaut\u0101jumi par personas datu apstr\u0101di vai \u0161o S\u012bkdat\u0146u politiku, l\u016bdzu, sazinieties ar mums, rakstot uz m\u016bsu e-pasta adresi: info@cargopoint.com vai izmantojot \u0161eit eso\u0161o kontaktinform\u0101ciju:<\/p>\n<p><strong>SIA \u201cCargopoint\u201d<br \/>\n<\/strong>Re\u0123istr\u0101cijas numurs: 40203274608<br \/>\nJuridisk\u0101 adrese: Maskavas iela 240-3, R\u012bga, LV-1063, Latvija<\/p>\n<p><em>\u0160\u012b S\u012bkdat\u0146u politika ir sp\u0113k\u0101 no 2021. gada 1. decembra<\/em><\/p>\n","protected":false},"excerpt":{"rendered":"<p>S\u012aKDAT\u0145U POLITIKA \u0160\u012b s\u012bkdat\u0146u politika tiek piem\u0113rota papildus m\u016bsu Priv\u0101tuma politikai. M\u016bsu Priv\u0101tuma politika inform\u0113 J\u016bs par to, k\u0101 CargoPoint (ar\u012b \u201cm\u0113s\u201d, \u201cm\u0113s\u201d, \u201cm\u016bsu\u201d) v\u0101c, kop\u012bgo un apstr\u0101d\u0101 J\u016bsu personas datus. \u0160\u012b S\u012bkdat\u0146u politika attiecas uz s\u012bkdat\u0146u lieto\u0161anu, kad izmantojat m\u016bsu t\u012bmek\u013cvietni. M\u016bsu S\u012bkdat\u0146u politika ir m\u016bsu Priv\u0101tuma politikas neat\u0146emama sast\u0101vda\u013ca (pieejama https:\/\/www.cargopoint.com\/privacy-policy\/). \u0160aj\u0101 S\u012bkdat\u0146u [&hellip;]<\/p>\n","protected":false},"author":5,"featured_media":0,"parent":0,"menu_order":0,"comment_status":"closed","ping_status":"closed","template":"","meta":{"footnotes":""},"class_list":["post-1503","page","type-page","status-publish","hentry"],"_links":{"self":[{"href":"https:\/\/cargopoint.com\/lv\/wp-json\/wp\/v2\/pages\/1503","targetHints":{"allow":["GET"]}}],"collection":[{"href":"https:\/\/cargopoint.com\/lv\/wp-json\/wp\/v2\/pages"}],"about":[{"href":"https:\/\/cargopoint.com\/lv\/wp-json\/wp\/v2\/types\/page"}],"author":[{"embeddable":true,"href":"https:\/\/cargopoint.com\/lv\/wp-json\/wp\/v2\/users\/5"}],"replies":[{"embeddable":true,"href":"https:\/\/cargopoint.com\/lv\/wp-json\/wp\/v2\/comments?post=1503"}],"version-history":[{"count":5,"href":"https:\/\/cargopoint.com\/lv\/wp-json\/wp\/v2\/pages\/1503\/revisions"}],"predecessor-version":[{"id":2956,"href":"https:\/\/cargopoint.com\/lv\/wp-json\/wp\/v2\/pages\/1503\/revisions\/2956"}],"wp:attachment":[{"href":"https:\/\/cargopoint.com\/lv\/wp-json\/wp\/v2\/media?parent=1503"}],"curies":[{"name":"wp","href":"https:\/\/api.w.org\/{rel}","templated":true}]}}