{"id":1574,"date":"2022-02-02T08:11:22","date_gmt":"2022-02-02T08:11:22","guid":{"rendered":"https:\/\/www.cargopoint.com\/?page_id=1574"},"modified":"2023-07-26T12:34:09","modified_gmt":"2023-07-26T12:34:09","slug":"general-terms-and-conditions","status":"publish","type":"page","link":"https:\/\/cargopoint.com\/lv\/general-terms-and-conditions\/","title":{"rendered":"VISP\u0100R\u012aGIE NOTEIKUMI"},"content":{"rendered":"<div id='av-layout-grid-1'  class='av-layout-grid-container av-2zzmx2-72dfd2a893d1ec3f35ea567b604b7671 entry-content-wrapper main_color av-flex-cells  avia-builder-el-0  avia-builder-el-no-sibling  av-cell-min-height av-cell-min-height-50  container_wrap fullsize'   data-av_minimum_height_pc='50'>\n\n<style type=\"text\/css\" data-created_by=\"avia_inline_auto\" id=\"style-css-av-lemvnlge-5413cb69c39687417e8b9dee83def5d5\">\n.flex_cell.av-lemvnlge-5413cb69c39687417e8b9dee83def5d5{\nvertical-align:middle;\n}\n<\/style>\n<div class='flex_cell av-lemvnlge-5413cb69c39687417e8b9dee83def5d5 av-gridrow-cell av_one_third no_margin  avia-builder-el-1  el_before_av_cell_one_third  avia-builder-el-first  content-align-middle'  ><div class='flex_cell_inner'>\n<style type=\"text\/css\" data-created_by=\"avia_inline_auto\" id=\"style-css-av-lemvjlyi-f9b86af2041fd5a93e716a816112e102\">\n#top .av-special-heading.av-lemvjlyi-f9b86af2041fd5a93e716a816112e102{\npadding-bottom:10px;\ncolor:#6d6d6d;\n}\nbody .av-special-heading.av-lemvjlyi-f9b86af2041fd5a93e716a816112e102 .av-special-heading-tag .heading-char{\nfont-size:25px;\npadding-bottom:10px;\n}\n.av-special-heading.av-lemvjlyi-f9b86af2041fd5a93e716a816112e102 .special-heading-inner-border{\nborder-color:#6d6d6d;\n}\n.av-special-heading.av-lemvjlyi-f9b86af2041fd5a93e716a816112e102 .av-subheading{\nfont-size:15px;\n}\n<\/style>\n<div  class='av-special-heading av-lemvjlyi-f9b86af2041fd5a93e716a816112e102 av-special-heading-h1 custom-color-heading blockquote elegant-quote elegant-centered  avia-builder-el-2  avia-builder-el-no-sibling  av-linked-heading av-icon'><h1 class='av-special-heading-tag '  itemprop=\"headline\"  ><a class=\"av-heading-link\" href=\"https:\/\/cargopoint.com\/lv\/general-terms-and-conditions-shippers-companies\/\" ><span class='heading-char avia-iconfont avia-font-entypo-fontello' data-av_icon='\ue852' data-av_iconfont='entypo-fontello' ><\/span><span class=\"heading-wrap\">Kravu nos\u016bt\u012bt\u0101jiem<\/span><\/a><\/h1><div class='av_custom_color av-subheading av-subheading_below'><p>JURIDISK\u0100S PERSONAS<\/p>\n<\/div><div class=\"special-heading-border\"><div class=\"special-heading-inner-border\"><\/div><\/div><\/div>\n<\/div><\/div>\n<style type=\"text\/css\" data-created_by=\"avia_inline_auto\" id=\"style-css-av-lemvnygr-852f0517f4c8879443c939f6fbe3c2ff\">\n.flex_cell.av-lemvnygr-852f0517f4c8879443c939f6fbe3c2ff{\nvertical-align:middle;\n}\n<\/style>\n<div class='flex_cell av-lemvnygr-852f0517f4c8879443c939f6fbe3c2ff av-gridrow-cell av_one_third no_margin  avia-builder-el-3  el_after_av_cell_one_third  el_before_av_cell_one_third  content-align-middle'  ><div class='flex_cell_inner'>\n<style type=\"text\/css\" data-created_by=\"avia_inline_auto\" id=\"style-css-av-lemvxvxe-bacfcc27cc05d775f3f6e8488be8d132\">\n#top .av-special-heading.av-lemvxvxe-bacfcc27cc05d775f3f6e8488be8d132{\npadding-bottom:10px;\ncolor:#6d6d6d;\n}\nbody .av-special-heading.av-lemvxvxe-bacfcc27cc05d775f3f6e8488be8d132 .av-special-heading-tag .heading-char{\nfont-size:25px;\npadding-bottom:10px;\n}\n.av-special-heading.av-lemvxvxe-bacfcc27cc05d775f3f6e8488be8d132 .special-heading-inner-border{\nborder-color:#6d6d6d;\n}\n.av-special-heading.av-lemvxvxe-bacfcc27cc05d775f3f6e8488be8d132 .av-subheading{\nfont-size:15px;\n}\n<\/style>\n<div  class='av-special-heading av-lemvxvxe-bacfcc27cc05d775f3f6e8488be8d132 av-special-heading-h1 custom-color-heading blockquote elegant-quote elegant-centered  avia-builder-el-4  avia-builder-el-no-sibling  av-linked-heading av-icon'><h1 class='av-special-heading-tag '  itemprop=\"headline\"  ><a class=\"av-heading-link\" href=\"https:\/\/cargopoint.com\/lv\/general-terms-and-conditions-carriers\/\" ><span class='heading-char avia-iconfont avia-font-entypo-fontello' data-av_icon='\ue8b7' data-av_iconfont='entypo-fontello' ><\/span><span class=\"heading-wrap\">P\u0100RVAD\u0100T\u0100JIEM<\/span><\/a><\/h1><div class='av_custom_color av-subheading av-subheading_below'><p>TRANSPORTA UZ\u0145\u0112MUMIEM<\/p>\n<\/div><div class=\"special-heading-border\"><div class=\"special-heading-inner-border\"><\/div><\/div><\/div>\n<\/div><\/div>\n<style type=\"text\/css\" data-created_by=\"avia_inline_auto\" id=\"style-css-av-lemvop8x-1cf26df0ae3a4dd66fa45cc0fc490c51\">\n.flex_cell.av-lemvop8x-1cf26df0ae3a4dd66fa45cc0fc490c51{\nvertical-align:middle;\n}\n<\/style>\n<div class='flex_cell av-lemvop8x-1cf26df0ae3a4dd66fa45cc0fc490c51 av-gridrow-cell av_one_third no_margin  avia-builder-el-5  el_after_av_cell_one_third  avia-builder-el-last  content-align-middle'  ><div class='flex_cell_inner'>\n<style type=\"text\/css\" data-created_by=\"avia_inline_auto\" id=\"style-css-av-lemvyat1-3b1e833518f28a523a5354cbb1db513e\">\n#top .av-special-heading.av-lemvyat1-3b1e833518f28a523a5354cbb1db513e{\npadding-bottom:10px;\ncolor:#6d6d6d;\n}\nbody .av-special-heading.av-lemvyat1-3b1e833518f28a523a5354cbb1db513e .av-special-heading-tag .heading-char{\nfont-size:25px;\npadding-bottom:10px;\n}\n.av-special-heading.av-lemvyat1-3b1e833518f28a523a5354cbb1db513e .special-heading-inner-border{\nborder-color:#6d6d6d;\n}\n.av-special-heading.av-lemvyat1-3b1e833518f28a523a5354cbb1db513e .av-subheading{\nfont-size:15px;\n}\n<\/style>\n<div  class='av-special-heading av-lemvyat1-3b1e833518f28a523a5354cbb1db513e av-special-heading-h1 custom-color-heading blockquote elegant-quote elegant-centered  avia-builder-el-6  avia-builder-el-no-sibling  av-linked-heading av-icon'><h1 class='av-special-heading-tag '  itemprop=\"headline\"  ><a class=\"av-heading-link\" href=\"https:\/\/cargopoint.com\/lv\/general-terms-and-conditions-shippers-companies\/\" ><span class='heading-char avia-iconfont avia-font-entypo-fontello' data-av_icon='\ue852' data-av_iconfont='entypo-fontello' ><\/span><span class=\"heading-wrap\">Kravu nos\u016bt\u012bt\u0101jiem<\/span><\/a><\/h1><div class='av_custom_color av-subheading av-subheading_below'><p>PRIEK\u0160APMAKSA<br \/>\n&amp;<br \/>\nPRIV\u0100TPERSON\u0100M<\/p>\n<\/div><div class=\"special-heading-border\"><div class=\"special-heading-inner-border\"><\/div><\/div><\/div>\n<\/div><\/div><\/div>\n","protected":false},"excerpt":{"rendered":"","protected":false},"author":5,"featured_media":0,"parent":0,"menu_order":0,"comment_status":"closed","ping_status":"closed","template":"","meta":{"footnotes":""},"class_list":["post-1574","page","type-page","status-publish","hentry"],"_links":{"self":[{"href":"https:\/\/cargopoint.com\/lv\/wp-json\/wp\/v2\/pages\/1574","targetHints":{"allow":["GET"]}}],"collection":[{"href":"https:\/\/cargopoint.com\/lv\/wp-json\/wp\/v2\/pages"}],"about":[{"href":"https:\/\/cargopoint.com\/lv\/wp-json\/wp\/v2\/types\/page"}],"author":[{"embeddable":true,"href":"https:\/\/cargopoint.com\/lv\/wp-json\/wp\/v2\/users\/5"}],"replies":[{"embeddable":true,"href":"https:\/\/cargopoint.com\/lv\/wp-json\/wp\/v2\/comments?post=1574"}],"version-history":[{"count":60,"href":"https:\/\/cargopoint.com\/lv\/wp-json\/wp\/v2\/pages\/1574\/revisions"}],"predecessor-version":[{"id":3014,"href":"https:\/\/cargopoint.com\/lv\/wp-json\/wp\/v2\/pages\/1574\/revisions\/3014"}],"wp:attachment":[{"href":"https:\/\/cargopoint.com\/lv\/wp-json\/wp\/v2\/media?parent=1574"}],"curies":[{"name":"wp","href":"https:\/\/api.w.org\/{rel}","templated":true}]}}